{"id":24,"date":"2014-04-14T07:48:04","date_gmt":"2014-04-14T07:48:04","guid":{"rendered":"http:\/\/lechampdesoiseaux.fr\/?page_id=24"},"modified":"2014-04-19T17:48:19","modified_gmt":"2014-04-19T17:48:19","slug":"localisation","status":"publish","type":"page","link":"http:\/\/lechampdesoiseaux.fr\/?page_id=24","title":{"rendered":"Localisation"},"content":{"rendered":"Le champ des oiseaux est un petit village situ\u00e9 \u00e0 1km de Vannes, ville m\u00e9di\u00e9vale de toute beaut\u00e9 aux portes du golfe du Morbihan.\r\n\r\n<a href=\"http:\/\/lechampdesoiseaux.fr\/wp-content\/uploads\/2014\/04\/DSC00662.jpg\"><img class=\"alignnone size-medium wp-image-103\" alt=\"DSC00662\" src=\"http:\/\/lechampdesoiseaux.fr\/wp-content\/uploads\/2014\/04\/DSC00662-300x225.jpg\" width=\"300\" height=\"225\" \/><\/a> <a href=\"http:\/\/lechampdesoiseaux.fr\/wp-content\/uploads\/2014\/04\/DSC002791.jpg\"><img class=\"alignnone  wp-image-117\" alt=\"DSC00279\" src=\"http:\/\/lechampdesoiseaux.fr\/wp-content\/uploads\/2014\/04\/DSC002791-300x225.jpg\" width=\"300\" height=\"225\" \/><\/a> <a href=\"http:\/\/lechampdesoiseaux.fr\/wp-content\/uploads\/2014\/04\/DSC00668.jpg\"><img class=\"alignnone size-medium wp-image-104\" alt=\"DSC00668\" src=\"http:\/\/lechampdesoiseaux.fr\/wp-content\/uploads\/2014\/04\/DSC00668-300x225.jpg\" width=\"300\" height=\"225\" \/><\/a> <a href=\"http:\/\/lechampdesoiseaux.fr\/wp-content\/uploads\/2014\/04\/DSC002721.jpg\"><img class=\"alignnone size-medium wp-image-116\" alt=\"DSC00272\" src=\"http:\/\/lechampdesoiseaux.fr\/wp-content\/uploads\/2014\/04\/DSC002721-300x225.jpg\" width=\"300\" height=\"225\" \/><\/a> <a href=\"http:\/\/lechampdesoiseaux.fr\/wp-content\/uploads\/2014\/04\/DSC002643.jpg\"><img class=\"alignnone size-medium wp-image-115\" alt=\"DSC00264\" src=\"http:\/\/lechampdesoiseaux.fr\/wp-content\/uploads\/2014\/04\/DSC002643-300x225.jpg\" width=\"300\" height=\"225\" \/><\/a> <a href=\"http:\/\/lechampdesoiseaux.fr\/wp-content\/uploads\/2014\/04\/DSC00902.jpg\"><img class=\"alignnone size-medium wp-image-109\" alt=\"DSC00902\" src=\"http:\/\/lechampdesoiseaux.fr\/wp-content\/uploads\/2014\/04\/DSC00902-300x225.jpg\" width=\"300\" height=\"225\" \/><\/a> <a href=\"http:\/\/lechampdesoiseaux.fr\/wp-content\/uploads\/2014\/04\/Banniere1.jpg\"><img class=\"alignnone size-medium wp-image-114\" alt=\"Banniere\" src=\"http:\/\/lechampdesoiseaux.fr\/wp-content\/uploads\/2014\/04\/Banniere1-300x109.jpg\" width=\"300\" height=\"109\" \/><\/a>\r\n\r\nD\u00e9parts possibles en bateau du port de Vannes pour le tour du golfe, Belle-Ile, Houat ou Ho\u00ebdic.\r\n\r\n<a title=\"Visitez Belle Ile, Houat ou Hoedic\" href=\"http:\/\/labelledugolfe.com\/pages\/golfe.html\" target=\"_blank\"><img class=\"wp-image-137 aligncenter\" alt=\"image1\" src=\"http:\/\/lechampdesoiseaux.fr\/wp-content\/uploads\/2014\/04\/image1.gif\" width=\"396\" height=\"285\" \/><\/a>\r\n\r\nSi un s\u00e9jour dans notre tr\u00e8s belle r\u00e9gion vous tente, vous pouvez nous contacter par le biais de la page \u201c<a title=\"Contact\" href=\"http:\/\/lechampdesoiseaux.fr\/?page_id=20\"><strong>contactez nous<\/strong><\/a>\u201c. Nous serons tr\u00e8s heureux de vous donner tous les renseignements compl\u00e9mentaires.\r\n\r\n&nbsp;\r\n\r\n&nbsp;\r\n<div align=\"center\"><iframe src=\"https:\/\/maps.google.fr\/maps?f=q&amp;source=s_q&amp;hl=fr&amp;geocode=&amp;q=Rue+du+Champ+des+Oiseaux,+Saint-Av%C3%A9&amp;aq=0&amp;oq=le+champ+&amp;sll=46.22475,2.0517&amp;sspn=25.816925,57.084961&amp;ie=UTF8&amp;hq=&amp;hnear=Rue+du+Champ+des+Oiseaux,+56890+Saint-Av%C3%A9&amp;t=m&amp;z=14&amp;ll=47.671772,-2.741968&amp;output=embed\" height=\"350\" width=\"425\" frameborder=\"0\" marginwidth=\"0\" marginheight=\"0\" scrolling=\"no\"><\/iframe>\r\n<small><a style=\"color: #0000ff; text-align: left;\" href=\"https:\/\/maps.google.fr\/maps?f=q&amp;source=embed&amp;hl=fr&amp;geocode=&amp;q=Rue+du+Champ+des+Oiseaux,+Saint-Av%C3%A9&amp;aq=0&amp;oq=le+champ+&amp;sll=46.22475,2.0517&amp;sspn=25.816925,57.084961&amp;ie=UTF8&amp;hq=&amp;hnear=Rue+du+Champ+des+Oiseaux,+56890+Saint-Av%C3%A9&amp;t=m&amp;z=14&amp;ll=47.671772,-2.741968\">Agrandir le plan<\/a><\/small><\/div>\r\n\r\n&nbsp;\r\n\r\n&nbsp;\r\n<p style=\"text-align: right;\"><a title=\"Site r\u00e9alis\u00e9 par AidePC.info\" href=\"http:\/\/www.aidepc.info\" target=\"_blank\">Site r\u00e9alis\u00e9 par AidePC.info<\/a><\/p>\r\n<p style=\"text-align: right;\"><\/p>","protected":false},"excerpt":{"rendered":"<p>Le champ des oiseaux est un petit village situ\u00e9 \u00e0 1km de Vannes, ville m\u00e9di\u00e9vale de toute beaut\u00e9 aux portes du golfe du Morbihan. D\u00e9parts possibles en bateau du port de Vannes pour le tour du golfe, Belle-Ile, Houat ou &hellip; <a class=\"more-link\" href=\"http:\/\/lechampdesoiseaux.fr\/?page_id=24\">Lire la suite <span class=\"meta-nav\">&rarr;<\/span><\/a><\/p>\n","protected":false},"author":1,"featured_media":0,"parent":0,"menu_order":0,"comment_status":"closed","ping_status":"open","template":"","meta":[],"_links":{"self":[{"href":"http:\/\/lechampdesoiseaux.fr\/index.php?rest_route=\/wp\/v2\/pages\/24"}],"collection":[{"href":"http:\/\/lechampdesoiseaux.fr\/index.php?rest_route=\/wp\/v2\/pages"}],"about":[{"href":"http:\/\/lechampdesoiseaux.fr\/index.php?rest_route=\/wp\/v2\/types\/page"}],"author":[{"embeddable":true,"href":"http:\/\/lechampdesoiseaux.fr\/index.php?rest_route=\/wp\/v2\/users\/1"}],"replies":[{"embeddable":true,"href":"http:\/\/lechampdesoiseaux.fr\/index.php?rest_route=%2Fwp%2Fv2%2Fcomments&post=24"}],"version-history":[{"count":8,"href":"http:\/\/lechampdesoiseaux.fr\/index.php?rest_route=\/wp\/v2\/pages\/24\/revisions"}],"predecessor-version":[{"id":152,"href":"http:\/\/lechampdesoiseaux.fr\/index.php?rest_route=\/wp\/v2\/pages\/24\/revisions\/152"}],"wp:attachment":[{"href":"http:\/\/lechampdesoiseaux.fr\/index.php?rest_route=%2Fwp%2Fv2%2Fmedia&parent=24"}],"curies":[{"name":"wp","href":"https:\/\/api.w.org\/{rel}","templated":true}]}}