{"id":11,"date":"2014-04-13T07:34:25","date_gmt":"2014-04-13T07:34:25","guid":{"rendered":"http:\/\/lechampdesoiseaux.fr\/?page_id=11"},"modified":"2025-06-09T14:40:21","modified_gmt":"2025-06-09T14:40:21","slug":"accueil","status":"publish","type":"page","link":"http:\/\/lechampdesoiseaux.fr\/","title":{"rendered":"Accueil"},"content":{"rendered":"<p style=\"text-align: justify;\"><span style=\"color: #000000;\"><strong>BIENVENUE AU CHAMP DES OISEAUX\r\n<\/strong><\/span><\/p>\r\n<strong><span style=\"color: #000000;\">MAISON TOTALEMENT INDEPENDANTE<\/span><\/strong>\r\n<span style=\"color: #000000;\"> Le gite\u00a0 du champ des oiseaux vous propose un petit nid douillet . Celui-ci est agr\u00e9e 2 etoiles\u00a0 meubl\u00e9 de tourisme et\u00a0 se situe dans\u00a0 un petit village situ\u00e9 \u00e0 1km de Vannes, ville m\u00e9di\u00e9vale de toute beaut\u00e9 aux portes du golfe du Morbihan.(celui-ci faisant partie des plus belles baies du monde)\r\n<\/span>\r\n\r\nVous pourrez \u00e9galement d\u00e9couvrir la merveilleuse presqu'ile de QUIBERON avec ses plages de sable fin sans oublier la presqu'le de Rhuys et ses nombreuses plages\r\n\r\nNombreux sentiers cotiers\u00a0 feront le bonheur des randonneurs.\r\n\r\nVous pourrez d\u00e9guster d'excellents fruits de mer etc...\r\n\r\nIl comprend 2 chambres (1 lit en 160 et 1 lit en 140 ) et un lit parapluie\r\n\r\npossibilit\u00e9 location draps (18 euros par lit)\r\n\r\nm\u00e9nage d\u00e9part 70 euros sur demande ch\u00e8que demand\u00e9 a votre arriv\u00e9e et rendu si le m\u00e9nage est fat\r\n\r\nun lit simple couchage\r\n\r\nNous pouvons accueillir 4 personnes\r\n\r\nbaignoire b\u00e9b\u00e9 et chaise haute enfant\r\n\r\noreillers et al\u00e8ses sont \u00e0 votre disposition\r\n\r\nLes couvertures sont fournies ainsi que les couettes (pr\u00e9voir les\u00a0 housses pour les couettes) et vos draps (sauf demande en suppl\u00e9ment)\r\nVous pouvez nous contacter au 02\/97\/42\/59\/34 02\/41\/56\/02\/41 pour plus de renseignements ou par email:annick.lecoeffec@gmail.com\r\n\r\narriv\u00e9e possible 16h\u00a0 18h30 maximum\r\n\r\n<span style=\"color: #000000;\">Notre gite est totalement ind\u00e9pendant et peut accueillir 4 personnes.<\/span>\r\n\r\nLe jardin\u00a0 clos dans lequel vos tr\u00e9sors pourront jouer en toute tranquilit\u00e9.\u00a0 Celui-ci comprend un salon de jardin ainsi qu'un barbecue\r\n\r\nstationnement possible dans le jardin (2 places)\r\n\r\npetit garage\r\n\r\ntarifs de 350\u00a0 basse saison avril 370 euros mai 450 euros juin 550 euros juillet aout 740 euros septembre 550 euros\r\n\r\nl electricit\u00e9 sera en suppl\u00e9ment relev\u00e9 fait a l arriv\u00e9e et au d\u00e9part\r\n\r\npossibilit\u00e9 location \u00e0 la nuit\u00e9e hors saison 95 euros (minimun 3nuits)\r\n\r\n&nbsp;\r\n\r\n&nbsp;\r\n<p style=\"text-align: center;\"><span style=\"color: #000000;\">\u00a0<a href=\"http:\/\/lechampdesoiseaux.fr\/wp-content\/uploads\/2014\/04\/DSC00562.jpg\"><img class=\"wp-image-92 aligncenter\" src=\"http:\/\/lechampdesoiseaux.fr\/wp-content\/uploads\/2014\/04\/DSC00562-300x225.jpg\" alt=\"DSC00562\" width=\"410\" height=\"311\" \/><\/a><a href=\"http:\/\/lechampdesoiseaux.fr\/wp-content\/uploads\/2014\/04\/DSC00330.jpg\"><img class=\"alignnone size-medium wp-image-90\" src=\"http:\/\/lechampdesoiseaux.fr\/wp-content\/uploads\/2014\/04\/DSC00330-300x225.jpg\" alt=\"DSC00330\" width=\"300\" height=\"225\" \/><\/a> <a href=\"http:\/\/lechampdesoiseaux.fr\/wp-content\/uploads\/2014\/04\/DSC00591.jpg\"><img class=\"alignnone size-medium wp-image-94\" src=\"http:\/\/lechampdesoiseaux.fr\/wp-content\/uploads\/2014\/04\/DSC00591-300x225.jpg\" alt=\"DSC00591\" width=\"300\" height=\"225\" \/><\/a><\/span><\/p>\r\n<span style=\"color: #000000;\">Celui-ci comprend.<\/span>\r\n\r\n<span style=\"color: #000000;\"><strong>Au rez-de-chauss\u00e9e:<\/strong><\/span>\r\n\r\n&nbsp;\r\n<p style=\"text-align: center;\">\u00a0<a href=\"http:\/\/lechampdesoiseaux.fr\/wp-content\/uploads\/2014\/04\/DSC00784.jpg\"><img class=\"alignnone size-medium wp-image-102\" src=\"http:\/\/lechampdesoiseaux.fr\/wp-content\/uploads\/2014\/04\/DSC00784-300x225.jpg\" alt=\"DSC00784\" width=\"300\" height=\"225\" \/><\/a> <a href=\"http:\/\/lechampdesoiseaux.fr\/wp-content\/uploads\/2014\/04\/DSC01041.jpg\"><img class=\"alignnone wp-image-169 size-medium\" src=\"http:\/\/lechampdesoiseaux.fr\/wp-content\/uploads\/2014\/04\/DSC01041-300x225.jpg\" alt=\"\" width=\"300\" height=\"225\" \/><\/a><\/p>\r\n\u00a0<span style=\"color: #000000;\">Le salon s\u00e9jour avec TV, lecteur de DVD, radio. <\/span>\r\n\r\n&nbsp;\r\n\r\n&nbsp;\r\n\r\n<span style=\"color: #000000;\"><a href=\"http:\/\/lechampdesoiseaux.fr\/wp-content\/uploads\/2014\/04\/DSC00320.jpg\"><img class=\"wp-image-88 aligncenter\" src=\"http:\/\/lechampdesoiseaux.fr\/wp-content\/uploads\/2014\/04\/DSC00320-300x225.jpg\" alt=\"DSC00320\" width=\"300\" height=\"225\" \/><\/a><a href=\"http:\/\/lechampdesoiseaux.fr\/wp-content\/uploads\/2014\/04\/DSC00585.jpg\"><img class=\"alignnone size-medium wp-image-161\" src=\"http:\/\/lechampdesoiseaux.fr\/wp-content\/uploads\/2014\/04\/DSC00585-300x225.jpg\" alt=\"DSC00585\" width=\"300\" height=\"225\" \/><\/a><\/span>\r\n<ul>\r\n \t<li><span style=\"color: #000000;\">La cuisine ind\u00e9pendante et \u00e9quip\u00e9e d\u2019une gazini\u00e8re avec four \u00e9lectrique, micro-ondes, lave linge, r\u00e9frig\u00e9rateur , lave vaisselle,, vaisselle et ustensiles de cuisine<\/span><\/li>\r\n<\/ul>\r\n&nbsp;\r\n<ul>\r\n \t<li><span style=\"color: #000000;\">Une table \u00e0 repasser avec fer \u00e0 vapeur<\/span><span style=\"color: #000000;\"><a href=\"http:\/\/lechampdesoiseaux.fr\/wp-content\/uploads\/2014\/04\/DSC00764.jpg\"><img class=\"size-medium wp-image-95 aligncenter\" src=\"http:\/\/lechampdesoiseaux.fr\/wp-content\/uploads\/2014\/04\/DSC00764-300x225.jpg\" alt=\"DSC00764\" width=\"300\" height=\"225\" \/><\/a><\/span><\/li>\r\n \t<li><span style=\"color: #000000;\">Une salle de bains avec baignoire, s\u00e8che-cheveux et baignoire b\u00e9b\u00e9<\/span><\/li>\r\n \t<li><span style=\"color: #000000;\">Toilettes<\/span><\/li>\r\n \t<li><span style=\"color: #000000;\">Une chambre avec un lit de 140 en rez-de-jardin<\/span><\/li>\r\n<\/ul>\r\n<span style=\"color: #000000;\"><a href=\"http:\/\/lechampdesoiseaux.fr\/wp-content\/uploads\/2014\/04\/DSC00948.jpg\"><img class=\"alignnone wp-image-171 size-medium\" src=\"http:\/\/lechampdesoiseaux.fr\/wp-content\/uploads\/2014\/04\/DSC00948-300x225.jpg\" alt=\"\" width=\"300\" height=\"225\" \/><\/a><\/span>\r\n\r\n<span style=\"color: #000000;\"><strong>\u00c0 l\u2019\u00e9tage:<\/strong><\/span>\r\n<ul>\r\n \t<li><span style=\"color: #000000;\">Une chambre avec un lit de 2 personnes ( 160 )\u00a0 et un lit de 1 personne plus un lit parapluie.<a href=\"http:\/\/lechampdesoiseaux.fr\/wp-content\/uploads\/2014\/04\/DSC00758.jpg\"><img class=\"size-medium wp-image-82 aligncenter\" src=\"http:\/\/lechampdesoiseaux.fr\/wp-content\/uploads\/2014\/04\/DSC00758-300x225.jpg\" alt=\"DSC00758\" width=\"300\" height=\"225\" \/><\/a><\/span><\/li>\r\n<\/ul>\r\n<span style=\"color: #000000;\"><strong>Les petits plus:<\/strong><\/span>\r\n<ul>\r\n \t<li><span style=\"color: #000000;\">2 stationnements possibles dans le jardin clos<\/span><\/li>\r\n \t<li><span style=\"color: #000000;\">Barbecue \u00e0 bois<\/span><\/li>\r\n \t<li><span style=\"color: #000000;\">Salon de jardin<\/span><\/li>\r\n \t<li><span style=\"color: #000000;\">Parasol<\/span><\/li>\r\n \t<li><span style=\"color: #000000;\">Garage<\/span><\/li>\r\n \t<li>Les chiens sont admis sous certaines conditions et apr\u00e8s accord du propri\u00e9taire.<\/li>\r\n<\/ul>\r\n&nbsp;\r\n\r\n&nbsp;\r\n<p style=\"text-align: right;\"><a title=\"Site r\u00e9alis\u00e9 par AidePC.info\" href=\"http:\/\/www.aidepc.info\" target=\"_blank\">Site r\u00e9alis\u00e9 par AidePC.info<\/a><\/p>\r\n<p style=\"text-align: right;\"><\/p>","protected":false},"excerpt":{"rendered":"<p>BIENVENUE AU CHAMP DES OISEAUX MAISON TOTALEMENT INDEPENDANTE Le gite\u00a0 du champ des oiseaux vous propose un petit nid douillet . Celui-ci est agr\u00e9e 2 etoiles\u00a0 meubl\u00e9 de tourisme et\u00a0 se situe dans\u00a0 un petit village situ\u00e9 \u00e0 1km de &hellip; <a class=\"more-link\" href=\"http:\/\/lechampdesoiseaux.fr\/\">Lire la suite <span class=\"meta-nav\">&rarr;<\/span><\/a><\/p>\n","protected":false},"author":1,"featured_media":0,"parent":0,"menu_order":0,"comment_status":"closed","ping_status":"closed","template":"","meta":[],"_links":{"self":[{"href":"http:\/\/lechampdesoiseaux.fr\/index.php?rest_route=\/wp\/v2\/pages\/11"}],"collection":[{"href":"http:\/\/lechampdesoiseaux.fr\/index.php?rest_route=\/wp\/v2\/pages"}],"about":[{"href":"http:\/\/lechampdesoiseaux.fr\/index.php?rest_route=\/wp\/v2\/types\/page"}],"author":[{"embeddable":true,"href":"http:\/\/lechampdesoiseaux.fr\/index.php?rest_route=\/wp\/v2\/users\/1"}],"replies":[{"embeddable":true,"href":"http:\/\/lechampdesoiseaux.fr\/index.php?rest_route=%2Fwp%2Fv2%2Fcomments&post=11"}],"version-history":[{"count":47,"href":"http:\/\/lechampdesoiseaux.fr\/index.php?rest_route=\/wp\/v2\/pages\/11\/revisions"}],"predecessor-version":[{"id":271,"href":"http:\/\/lechampdesoiseaux.fr\/index.php?rest_route=\/wp\/v2\/pages\/11\/revisions\/271"}],"wp:attachment":[{"href":"http:\/\/lechampdesoiseaux.fr\/index.php?rest_route=%2Fwp%2Fv2%2Fmedia&parent=11"}],"curies":[{"name":"wp","href":"https:\/\/api.w.org\/{rel}","templated":true}]}}